{"id":443,"date":"2025-01-08T11:23:25","date_gmt":"2025-01-08T11:23:25","guid":{"rendered":"https:\/\/buvdokumentacija.lv\/?page_id=443"},"modified":"2025-01-08T12:00:07","modified_gmt":"2025-01-08T12:00:07","slug":"privatuma-politika","status":"publish","type":"page","link":"https:\/\/buvdokumentacija.lv\/en\/privatuma-politika\/","title":{"rendered":"PRiv\u0101tuma politika"},"content":{"rendered":"<div data-elementor-type=\"wp-page\" data-elementor-id=\"443\" class=\"elementor elementor-443\" data-elementor-post-type=\"page\">\n\t\t\t\t<div class=\"elementor-element elementor-element-5dec0e2 e-flex e-con-boxed e-con e-parent\" data-id=\"5dec0e2\" data-element_type=\"container\" data-e-type=\"container\">\n\t\t\t\t\t<div class=\"e-con-inner\">\n\t\t\t\t<div class=\"elementor-element elementor-element-62adf09 elementor-widget elementor-widget-text-editor\" data-id=\"62adf09\" data-element_type=\"widget\" data-e-type=\"widget\" data-widget_type=\"text-editor.default\">\n\t\t\t\t\t\t\t\t\t<p>Privacy Policy<\/p>\t\t\t\t\t\t\t\t<\/div>\n\t\t\t\t<div class=\"elementor-element elementor-element-3ab13aa elementor-widget elementor-widget-text-editor\" data-id=\"3ab13aa\" data-element_type=\"widget\" data-e-type=\"widget\" data-widget_type=\"text-editor.default\">\n\t\t\t\t\t\t\t\t\t<p>This privacy policy informs you about the privacy practices and principles for the processing of personal data in relation to the www.buvdokumentacija.lv website and services. To contact us regarding data processing issues, please email info@buvdokumentacija.lv.<\/p><p><strong>What information do we get?<\/strong><\/p><p>We collect personal data that you voluntarily provide to us via email, web-based questionnaires and other direct communication with you.<\/p><p>When placing an order, you must provide your name, contact details, delivery address and any other information you wish to provide.<\/p><p><strong>How do we use the personal data we collect?<\/strong><\/p><p>We may use the personal data collected to<\/p><ul><li>provide you with the services and information you have requested,<\/li><li>process your orders and process the necessary paperwork,<\/li><li>provide you with effective customer support,<\/li><li>help prevent threats or fraudulent activities<\/li><li>send you information messages if you have explicitly agreed to receive them,<\/li><li>comply with the requirements of the laws and regulations.<\/li><\/ul><p>We may transfer your information to third parties in order to comply with laws and regulations, cooperate with supervisory authorities, help prevent criminal activity and protect our, your and others' legal rights.<\/p><p><strong>How do we protect personal data?<\/strong><\/p><p>We use various technical and organisational security measures to protect your personal data. Your personal data is accessible to a limited number of people, only to authorised persons.<\/p><p><strong>How long do we keep personal data?<\/strong><\/p><p>We keep your personal data for as long as we need it for the purpose for which it was collected and as permitted or required by law or regulation.<\/p><p><strong>How do we use cookies?<\/strong><\/p><p>Cookies are small text files that websites you visit store on your computer. They are used to keep the website running and to provide information to the website owners.<\/p><p>This website may set the following cookies:<\/p><ul><li><strong>Functional cookies.<\/strong>\u00a0These cookies are necessary to enable you to navigate the website and use its features. Without these cookies, we cannot provide the services you have requested, such as the shopping cart functionality.<\/li><li><strong>Google Analytics cookies.<\/strong>\u00a0These cookies are used to obtain statistics about visits to our website. We use this information to improve the website and promotional activities.<\/li><li><strong>Targeted advertising tool cookies.<\/strong>\u00a0These cookies are used to improve the effectiveness of advertising and to show you ads that are most likely to be of interest to you.<\/li><li><strong>Third party service provider cookies.<\/strong>\u00a0Cookies can be set by the following third-party services used on this website: the Facebook \"Like\" button, YouTube videos. Some of these cookies may be used to track your activities on other websites and we cannot control them as these cookies are not set by our website.<\/li><\/ul><p><strong>How do I refuse cookies?<\/strong><\/p><p>To opt out of receiving cookies, you can use the private browsing mode provided by most browsers (private window, incognito window or\u00a0<em>InPrivate<\/em>\u00a0logs). Any cookies that are created when you are in private browsing mode are deleted as soon as you close all browser windows.<\/p><p>To opt out of receiving and using the information you need to display targeted advertising, you can use a free tool\u00a0<a href=\"https:\/\/www.youronlinechoices.com\/\">Your Online Choices<\/a>\u00a0or\u00a0<a href=\"http:\/\/www.aboutads.info\/\">YourAdChoices<\/a>.<\/p><p><strong>Your rights in relation to your personal data<\/strong><\/p><p>If you are a data subject under\u00a0<a href=\"https:\/\/ec.europa.eu\/info\/law\/law-topic\/data-protection_lv\">EC VDAR<\/a>\u00a0(for example, you are an EU citizen and provide us with your personal data), you have the following rights in relation to your personal data:<\/p><ul><li><strong>Right of access to information.<\/strong>\u00a0You have the right to be informed about why and how your personal data is processed. You have the right to receive a copy of the personal data we hold about you in a commonly used electronic format free of charge.<\/li><li><strong>Right to rectify.<\/strong>\u00a0You have the right to have inaccurate or incomplete personal data rectified or completed without undue delay.<\/li><li><strong>The right to be \"forgotten\".<\/strong>\u00a0You have the right to withdraw your consent to the processing of your personal data and to have your personal data erased without undue delay once the data is no longer necessary to provide the services you have requested and to comply with laws and regulations.<\/li><li><strong>Right to restrict processing.<\/strong>\u00a0You have the right to have the processing of your personal data restricted if you object to it and we do not have a legitimate basis for continuing the processing, if you contest the accuracy of the data, if the processing is unlawful or if you claim to establish, exercise or defend legal claims.<\/li><li><strong>Right to object.<\/strong>\u00a0You have the right to object to processing at any time, unless it is necessary for a task carried out in the public interest or there are compelling legitimate grounds for the processing.<\/li><\/ul><p><strong>Other rights under the GDPR.<\/strong><\/p><p>For more information, visit\u00a0<a href=\"https:\/\/ec.europa.eu\/info\/law\/law-topic\/data-protection\/reform\/rights-citizens_lv\">EU data protection website<\/a><\/p>\t\t\t\t\t\t\t\t<\/div>\n\t\t\t\t\t<\/div>\n\t\t\t\t<\/div>\n\t\t\t\t<\/div>","protected":false},"excerpt":{"rendered":"<p>Priv\u0101tuma politika \u0160\u012b priv\u0101tuma politika inform\u0113 par priv\u0101tuma praksi un personas datu apstr\u0101des principiem saist\u012bb\u0101 ar www.buvdokumentacija.lv vietni un pakalpojumiem. [&hellip;]<\/p>\n","protected":false},"author":1,"featured_media":0,"parent":0,"menu_order":0,"comment_status":"closed","ping_status":"closed","template":"","meta":{"site-sidebar-layout":"no-sidebar","site-content-layout":"","ast-site-content-layout":"full-width-container","site-content-style":"default","site-sidebar-style":"default","ast-global-header-display":"","ast-banner-title-visibility":"","ast-main-header-display":"","ast-hfb-above-header-display":"","ast-hfb-below-header-display":"","ast-hfb-mobile-header-display":"","site-post-title":"disabled","ast-breadcrumbs-content":"","ast-featured-img":"disabled","footer-sml-layout":"","ast-disable-related-posts":"","theme-transparent-header-meta":"","adv-header-id-meta":"","stick-header-meta":"","header-above-stick-meta":"","header-main-stick-meta":"","header-below-stick-meta":"","astra-migrate-meta-layouts":"default","ast-page-background-enabled":"default","ast-page-background-meta":{"desktop":{"background-color":"var(--ast-global-color-4)","background-image":"","background-repeat":"repeat","background-position":"center center","background-size":"auto","background-attachment":"scroll","background-type":"","background-media":"","overlay-type":"","overlay-color":"","overlay-opacity":"","overlay-gradient":""},"tablet":{"background-color":"","background-image":"","background-repeat":"repeat","background-position":"center center","background-size":"auto","background-attachment":"scroll","background-type":"","background-media":"","overlay-type":"","overlay-color":"","overlay-opacity":"","overlay-gradient":""},"mobile":{"background-color":"","background-image":"","background-repeat":"repeat","background-position":"center center","background-size":"auto","background-attachment":"scroll","background-type":"","background-media":"","overlay-type":"","overlay-color":"","overlay-opacity":"","overlay-gradient":""}},"ast-content-background-meta":{"desktop":{"background-color":"var(--ast-global-color-5)","background-image":"","background-repeat":"repeat","background-position":"center center","background-size":"auto","background-attachment":"scroll","background-type":"","background-media":"","overlay-type":"","overlay-color":"","overlay-opacity":"","overlay-gradient":""},"tablet":{"background-color":"var(--ast-global-color-5)","background-image":"","background-repeat":"repeat","background-position":"center center","background-size":"auto","background-attachment":"scroll","background-type":"","background-media":"","overlay-type":"","overlay-color":"","overlay-opacity":"","overlay-gradient":""},"mobile":{"background-color":"var(--ast-global-color-5)","background-image":"","background-repeat":"repeat","background-position":"center center","background-size":"auto","background-attachment":"scroll","background-type":"","background-media":"","overlay-type":"","overlay-color":"","overlay-opacity":"","overlay-gradient":""}},"footnotes":""},"class_list":["post-443","page","type-page","status-publish","hentry"],"yoast_head":"<!-- This site is optimized with the Yoast SEO Premium plugin v26.4 (Yoast SEO v26.4) - https:\/\/yoast.com\/wordpress\/plugins\/seo\/ -->\n<title>PRiv\u0101tuma politika - B\u016bvdokument\u0101cija<\/title>\n<meta name=\"robots\" content=\"index, follow, max-snippet:-1, max-image-preview:large, max-video-preview:-1\" \/>\n<link rel=\"canonical\" href=\"https:\/\/buvdokumentacija.lv\/en\/privatuma-politika\/\" \/>\n<meta property=\"og:locale\" content=\"en_US\" \/>\n<meta property=\"og:type\" content=\"article\" \/>\n<meta property=\"og:title\" content=\"PRiv\u0101tuma politika\" \/>\n<meta property=\"og:description\" content=\"Priv\u0101tuma politika \u0160\u012b priv\u0101tuma politika inform\u0113 par priv\u0101tuma praksi un personas datu apstr\u0101des principiem saist\u012bb\u0101 ar www.buvdokumentacija.lv vietni un pakalpojumiem. [&hellip;]\" \/>\n<meta property=\"og:url\" content=\"https:\/\/buvdokumentacija.lv\/en\/privatuma-politika\/\" \/>\n<meta property=\"og:site_name\" content=\"B\u016bvdokument\u0101cija\" \/>\n<meta property=\"article:modified_time\" content=\"2025-01-08T12:00:07+00:00\" \/>\n<meta name=\"twitter:card\" content=\"summary_large_image\" \/>\n<meta name=\"twitter:label1\" content=\"Est. reading time\" \/>\n\t<meta name=\"twitter:data1\" content=\"5 minutes\" \/>\n<script type=\"application\/ld+json\" class=\"yoast-schema-graph\">{\"@context\":\"https:\/\/schema.org\",\"@graph\":[{\"@type\":\"WebPage\",\"@id\":\"https:\/\/buvdokumentacija.lv\/privatuma-politika\/\",\"url\":\"https:\/\/buvdokumentacija.lv\/privatuma-politika\/\",\"name\":\"PRiv\u0101tuma politika - B\u016bvdokument\u0101cija\",\"isPartOf\":{\"@id\":\"https:\/\/buvdokumentacija.lv\/#website\"},\"datePublished\":\"2025-01-08T11:23:25+00:00\",\"dateModified\":\"2025-01-08T12:00:07+00:00\",\"breadcrumb\":{\"@id\":\"https:\/\/buvdokumentacija.lv\/privatuma-politika\/#breadcrumb\"},\"inLanguage\":\"en-US\",\"potentialAction\":[{\"@type\":\"ReadAction\",\"target\":[\"https:\/\/buvdokumentacija.lv\/privatuma-politika\/\"]}]},{\"@type\":\"BreadcrumbList\",\"@id\":\"https:\/\/buvdokumentacija.lv\/privatuma-politika\/#breadcrumb\",\"itemListElement\":[{\"@type\":\"ListItem\",\"position\":1,\"name\":\"Home\",\"item\":\"https:\/\/buvdokumentacija.lv\/\"},{\"@type\":\"ListItem\",\"position\":2,\"name\":\"PRiv\u0101tuma politika\"}]},{\"@type\":\"WebSite\",\"@id\":\"https:\/\/buvdokumentacija.lv\/#website\",\"url\":\"https:\/\/buvdokumentacija.lv\/\",\"name\":\"B\u016bvdokument\u0101cija\",\"description\":\"M\u0113s esam celtniec\u012bbas dokumentu speci\u0101listi\",\"publisher\":{\"@id\":\"https:\/\/buvdokumentacija.lv\/#organization\"},\"potentialAction\":[{\"@type\":\"SearchAction\",\"target\":{\"@type\":\"EntryPoint\",\"urlTemplate\":\"https:\/\/buvdokumentacija.lv\/?s={search_term_string}\"},\"query-input\":{\"@type\":\"PropertyValueSpecification\",\"valueRequired\":true,\"valueName\":\"search_term_string\"}}],\"inLanguage\":\"en-US\"},{\"@type\":\"Organization\",\"@id\":\"https:\/\/buvdokumentacija.lv\/#organization\",\"name\":\"B\u016bvdokument\u0101cija\",\"url\":\"https:\/\/buvdokumentacija.lv\/\",\"logo\":{\"@type\":\"ImageObject\",\"inLanguage\":\"en-US\",\"@id\":\"https:\/\/buvdokumentacija.lv\/#\/schema\/logo\/image\/\",\"url\":\"https:\/\/buvdokumentacija.lv\/wp-content\/uploads\/2025\/02\/BD-logo_new.png\",\"contentUrl\":\"https:\/\/buvdokumentacija.lv\/wp-content\/uploads\/2025\/02\/BD-logo_new.png\",\"width\":2058,\"height\":507,\"caption\":\"B\u016bvdokument\u0101cija\"},\"image\":{\"@id\":\"https:\/\/buvdokumentacija.lv\/#\/schema\/logo\/image\/\"},\"publishingPrinciples\":\"https:\/\/buvdokumentacija.lv\/services\/\",\"ownershipFundingInfo\":\"https:\/\/buvdokumentacija.lv\/services\/\",\"actionableFeedbackPolicy\":\"https:\/\/buvdokumentacija.lv\/about\/\",\"correctionsPolicy\":\"https:\/\/buvdokumentacija.lv\/about\/\",\"ethicsPolicy\":\"https:\/\/buvdokumentacija.lv\/about\/\",\"diversityPolicy\":\"https:\/\/buvdokumentacija.lv\/about\/\",\"diversityStaffingReport\":\"https:\/\/buvdokumentacija.lv\/about\/\"}]}<\/script>\n<!-- \/ Yoast SEO Premium plugin. -->","yoast_head_json":{"title":"PRiv\u0101tuma politika - B\u016bvdokument\u0101cija","robots":{"index":"index","follow":"follow","max-snippet":"max-snippet:-1","max-image-preview":"max-image-preview:large","max-video-preview":"max-video-preview:-1"},"canonical":"https:\/\/buvdokumentacija.lv\/en\/privatuma-politika\/","og_locale":"en_US","og_type":"article","og_title":"PRiv\u0101tuma politika","og_description":"Priv\u0101tuma politika \u0160\u012b priv\u0101tuma politika inform\u0113 par priv\u0101tuma praksi un personas datu apstr\u0101des principiem saist\u012bb\u0101 ar www.buvdokumentacija.lv vietni un pakalpojumiem. [&hellip;]","og_url":"https:\/\/buvdokumentacija.lv\/en\/privatuma-politika\/","og_site_name":"B\u016bvdokument\u0101cija","article_modified_time":"2025-01-08T12:00:07+00:00","twitter_card":"summary_large_image","twitter_misc":{"Est. reading time":"5 minutes"},"schema":{"@context":"https:\/\/schema.org","@graph":[{"@type":"WebPage","@id":"https:\/\/buvdokumentacija.lv\/privatuma-politika\/","url":"https:\/\/buvdokumentacija.lv\/privatuma-politika\/","name":"PRiv\u0101tuma politika - B\u016bvdokument\u0101cija","isPartOf":{"@id":"https:\/\/buvdokumentacija.lv\/#website"},"datePublished":"2025-01-08T11:23:25+00:00","dateModified":"2025-01-08T12:00:07+00:00","breadcrumb":{"@id":"https:\/\/buvdokumentacija.lv\/privatuma-politika\/#breadcrumb"},"inLanguage":"en-US","potentialAction":[{"@type":"ReadAction","target":["https:\/\/buvdokumentacija.lv\/privatuma-politika\/"]}]},{"@type":"BreadcrumbList","@id":"https:\/\/buvdokumentacija.lv\/privatuma-politika\/#breadcrumb","itemListElement":[{"@type":"ListItem","position":1,"name":"Home","item":"https:\/\/buvdokumentacija.lv\/"},{"@type":"ListItem","position":2,"name":"PRiv\u0101tuma politika"}]},{"@type":"WebSite","@id":"https:\/\/buvdokumentacija.lv\/#website","url":"https:\/\/buvdokumentacija.lv\/","name":"B\u016bvdokument\u0101cija","description":"M\u0113s esam celtniec\u012bbas dokumentu speci\u0101listi","publisher":{"@id":"https:\/\/buvdokumentacija.lv\/#organization"},"potentialAction":[{"@type":"SearchAction","target":{"@type":"EntryPoint","urlTemplate":"https:\/\/buvdokumentacija.lv\/?s={search_term_string}"},"query-input":{"@type":"PropertyValueSpecification","valueRequired":true,"valueName":"search_term_string"}}],"inLanguage":"en-US"},{"@type":"Organization","@id":"https:\/\/buvdokumentacija.lv\/#organization","name":"B\u016bvdokument\u0101cija","url":"https:\/\/buvdokumentacija.lv\/","logo":{"@type":"ImageObject","inLanguage":"en-US","@id":"https:\/\/buvdokumentacija.lv\/#\/schema\/logo\/image\/","url":"https:\/\/buvdokumentacija.lv\/wp-content\/uploads\/2025\/02\/BD-logo_new.png","contentUrl":"https:\/\/buvdokumentacija.lv\/wp-content\/uploads\/2025\/02\/BD-logo_new.png","width":2058,"height":507,"caption":"B\u016bvdokument\u0101cija"},"image":{"@id":"https:\/\/buvdokumentacija.lv\/#\/schema\/logo\/image\/"},"publishingPrinciples":"https:\/\/buvdokumentacija.lv\/services\/","ownershipFundingInfo":"https:\/\/buvdokumentacija.lv\/services\/","actionableFeedbackPolicy":"https:\/\/buvdokumentacija.lv\/about\/","correctionsPolicy":"https:\/\/buvdokumentacija.lv\/about\/","ethicsPolicy":"https:\/\/buvdokumentacija.lv\/about\/","diversityPolicy":"https:\/\/buvdokumentacija.lv\/about\/","diversityStaffingReport":"https:\/\/buvdokumentacija.lv\/about\/"}]}},"_links":{"self":[{"href":"https:\/\/buvdokumentacija.lv\/en\/wp-json\/wp\/v2\/pages\/443","targetHints":{"allow":["GET"]}}],"collection":[{"href":"https:\/\/buvdokumentacija.lv\/en\/wp-json\/wp\/v2\/pages"}],"about":[{"href":"https:\/\/buvdokumentacija.lv\/en\/wp-json\/wp\/v2\/types\/page"}],"author":[{"embeddable":true,"href":"https:\/\/buvdokumentacija.lv\/en\/wp-json\/wp\/v2\/users\/1"}],"replies":[{"embeddable":true,"href":"https:\/\/buvdokumentacija.lv\/en\/wp-json\/wp\/v2\/comments?post=443"}],"version-history":[{"count":0,"href":"https:\/\/buvdokumentacija.lv\/en\/wp-json\/wp\/v2\/pages\/443\/revisions"}],"wp:attachment":[{"href":"https:\/\/buvdokumentacija.lv\/en\/wp-json\/wp\/v2\/media?parent=443"}],"curies":[{"name":"wp","href":"https:\/\/api.w.org\/{rel}","templated":true}]}}