{"id":95,"date":"2024-11-25T13:25:10","date_gmt":"2024-11-25T13:25:10","guid":{"rendered":"https:\/\/buvdokumentacija.lv\/home\/"},"modified":"2025-12-10T16:47:21","modified_gmt":"2025-12-10T16:47:21","slug":"legalizacija-un-nodosana-ekspluatacija","status":"publish","type":"page","link":"https:\/\/buvdokumentacija.lv\/en\/","title":{"rendered":"Home"},"content":{"rendered":"\t\t<div data-elementor-type=\"wp-page\" data-elementor-id=\"95\" class=\"elementor elementor-95\" data-elementor-post-type=\"page\">\n\t\t\t\t<div class=\"elementor-element elementor-element-68084794 e-flex e-con-boxed e-con e-parent\" data-id=\"68084794\" data-element_type=\"container\" data-e-type=\"container\" data-settings=\"{&quot;background_background&quot;:&quot;classic&quot;,&quot;background_motion_fx_motion_fx_scrolling&quot;:&quot;yes&quot;,&quot;background_motion_fx_devices&quot;:[&quot;desktop&quot;,&quot;tablet&quot;,&quot;mobile&quot;]}\">\n\t\t\t\t\t<div class=\"e-con-inner\">\n\t\t<div class=\"elementor-element elementor-element-551c8334 e-flex e-con-boxed e-con e-child\" data-id=\"551c8334\" data-element_type=\"container\" data-e-type=\"container\">\n\t\t\t\t\t<div class=\"e-con-inner\">\n\t\t\t\t<div class=\"elementor-element elementor-element-256e6d40 elementor-invisible elementor-widget elementor-widget-heading\" data-id=\"256e6d40\" data-element_type=\"widget\" data-e-type=\"widget\" data-settings=\"{&quot;_animation&quot;:&quot;fadeIn&quot;}\" data-widget_type=\"heading.default\">\n\t\t\t\t\t<h1 class=\"elementor-heading-title elementor-size-default\">B\u016bvju <br>legaliz\u0101cija un nodo\u0161ana ekspluat\u0101cij\u0101\u200b<\/h1>\t\t\t\t<\/div>\n\t\t\t\t<div class=\"elementor-element elementor-element-a315814 elementor-invisible elementor-widget elementor-widget-heading\" data-id=\"a315814\" data-element_type=\"widget\" data-e-type=\"widget\" data-settings=\"{&quot;_animation&quot;:&quot;fadeIn&quot;}\" data-widget_type=\"heading.default\">\n\t\t\t\t\t<h2 class=\"elementor-heading-title elementor-size-default\">M\u0113s ietaup\u012bsim <br> j\u016bsu laiku un finanses!<\/h2>\t\t\t\t<\/div>\n\t\t\t\t\t<\/div>\n\t\t\t\t<\/div>\n\t\t<div class=\"elementor-element elementor-element-6ff74996 e-con-full e-flex e-con e-child\" data-id=\"6ff74996\" data-element_type=\"container\" data-e-type=\"container\">\n\t\t\t\t<div class=\"elementor-element elementor-element-25505f56 elementor-align-justify elementor-widget__width-initial elementor-widget elementor-widget-button\" data-id=\"25505f56\" data-element_type=\"widget\" data-e-type=\"widget\" data-widget_type=\"button.default\">\n\t\t\t\t\t\t\t\t\t\t<a class=\"elementor-button elementor-button-link elementor-size-sm\" href=\"https:\/\/buvdokumentacija.lv\/contact\/\">\n\t\t\t\t\t\t<span class=\"elementor-button-content-wrapper\">\n\t\t\t\t\t\t\t\t\t<span class=\"elementor-button-text\">Sa\u0146emt m\u016bsu pied\u0101v\u0101jumu<\/span>\n\t\t\t\t\t<\/span>\n\t\t\t\t\t<\/a>\n\t\t\t\t\t\t\t\t<\/div>\n\t\t\t\t<\/div>\n\t\t<div class=\"elementor-element elementor-element-16ed3747 animated-fast e-flex e-con-boxed elementor-invisible e-con e-child\" data-id=\"16ed3747\" data-element_type=\"container\" data-e-type=\"container\" data-settings=\"{&quot;background_background&quot;:&quot;classic&quot;,&quot;animation&quot;:&quot;slideInUp&quot;,&quot;animation_delay&quot;:600}\">\n\t\t\t\t\t<div class=\"e-con-inner\">\n\t\t<div class=\"elementor-element elementor-element-6cd2d8d5 e-con-full e-flex e-con e-child\" data-id=\"6cd2d8d5\" data-element_type=\"container\" data-e-type=\"container\">\n\t\t\t\t<div class=\"elementor-element elementor-element-7ef1c8aa elementor-widget elementor-widget-text-editor\" data-id=\"7ef1c8aa\" data-element_type=\"widget\" data-e-type=\"widget\" data-settings=\"{&quot;_animation&quot;:&quot;none&quot;}\" data-widget_type=\"text-editor.default\">\n\t\t\t\t\t\t\t\t\t<p class=\"p1\">B\u016bvju legaliz\u0113\u0161ana un nodo\u0161ana ekspluat\u0101cij\u0101 ir b\u016btisks solis, lai j\u016bsu \u012bpa\u0161ums b\u016btu juridiski sak\u0101rtots un atbilstu normat\u012bvajiem aktiem. Ja j\u016bsu \u0113ka nav re\u0123istr\u0113ta vai nav sa\u0146emta b\u016bvat\u013cauja, tas var rad\u012bt juridiskas probl\u0113mas, ierobe\u017eot \u012bpa\u0161uma izmanto\u0161anu un apgr\u016btin\u0101t t\u0101 p\u0101rdo\u0161anu vai nodo\u0161anu ekspluat\u0101cij\u0101.<\/p><p class=\"p1\">M\u016bsu komanda pied\u0101v\u0101 pilnu pakalpojumu kl\u0101stu, kas ietver b\u016bvat\u013caujas sa\u0146em\u0161anu, b\u016bvdarbu pabeig\u0161anas akta sagatavo\u0161anu, \u012bpa\u0161uma re\u0123istr\u0101ciju zemesgr\u0101mat\u0101, k\u0101 ar\u012b saska\u0146o\u0161anu ar pa\u0161vald\u012bbu un b\u016bvinspekciju. M\u0113s pal\u012bdzam sak\u0101rtot dokument\u0101ciju jaunb\u016bv\u0113m, p\u0101rb\u016bv\u0113t\u0101m \u0113k\u0101m, k\u0101 ar\u012b neleg\u0101li uzcelt\u0101m b\u016bv\u0113m, nodro\u0161inot, ka t\u0101s atbilst vis\u0101m ties\u012bbu norm\u0101m.<\/p><p class=\"p1\">Ja jums ir nepabeigta b\u016bve vai \u0113ka, kurai nepiecie\u0161ama ekspluat\u0101cijas at\u013cauja, m\u0113s pal\u012bdz\u0113sim sagatavot visu nepiecie\u0161amo \u2013 s\u0101kot no in\u017eenierkomunik\u0101ciju piesl\u0113g\u0161anas dokument\u0101cijas l\u012bdz pat nodo\u0161anai ekspluat\u0101cij\u0101. Procesa laik\u0101 sadarbojamies ar valsts un pa\u0161vald\u012bbu iest\u0101d\u0113m, lai nodro\u0161in\u0101tu \u0101tru un efekt\u012bvu risin\u0101jumu.<\/p><p class=\"p1\">B\u016bvju legaliz\u0101cija ir nepiecie\u0161ama ne tikai, lai izvair\u012btos no juridisk\u0101m probl\u0113m\u0101m, bet ar\u012b lai nodro\u0161in\u0101tu \u0113kas dro\u0161\u012bbu un v\u0113rt\u012bbu. Saska\u0146ots un ofici\u0101li re\u0123istr\u0113ts \u012bpa\u0161ums sniedz iesp\u0113ju veikt rekonstrukcijas, piesl\u0113gt komun\u0101los pakalpojumus un leg\u0101li to izmantot.<\/p><p class=\"p1\">\ud83d\udcde <b>Sazinieties ar mums jau \u0161odien<\/b>, lai sa\u0146emtu profesion\u0101lu pal\u012bdz\u012bbu un sak\u0101rtotu savu \u012bpa\u0161umu bez liek\u0101m r\u016bp\u0113m!<\/p>\t\t\t\t\t\t\t\t<\/div>\n\t\t\t\t<\/div>\n\t\t\t\t\t<\/div>\n\t\t\t\t<\/div>\n\t\t\t\t<div class=\"elementor-element elementor-element-2e600ee9 elementor-widget__width-initial elementor-absolute elementor-widget-mobile__width-inherit elementor-invisible elementor-widget elementor-widget-image\" data-id=\"2e600ee9\" data-element_type=\"widget\" data-e-type=\"widget\" data-settings=\"{&quot;_position&quot;:&quot;absolute&quot;,&quot;_animation&quot;:&quot;slideInRight&quot;}\" data-widget_type=\"image.default\">\n\t\t\t\t\t\t\t\t\t\t\t\t\t\t\t<img fetchpriority=\"high\" decoding=\"async\" width=\"1024\" height=\"576\" src=\"https:\/\/buvdokumentacija.lv\/wp-content\/uploads\/2025\/01\/MMoser-Sustainable-Building-Design-And-Construction-Paris-Office-2-1200x675-1-1024x576.jpg\" class=\"attachment-large size-large wp-image-384\" alt=\"Nodo\u0161ana ekspluat\u0101cij\u0101 un b\u016bvju legaliz\u0113\u0161ana \u2013 juridiski dro\u0161s un likum\u012bgs \u012bpa\u0161ums.\" srcset=\"https:\/\/buvdokumentacija.lv\/wp-content\/uploads\/2025\/01\/MMoser-Sustainable-Building-Design-And-Construction-Paris-Office-2-1200x675-1-1024x576.jpg 1024w, https:\/\/buvdokumentacija.lv\/wp-content\/uploads\/2025\/01\/MMoser-Sustainable-Building-Design-And-Construction-Paris-Office-2-1200x675-1-300x169.jpg 300w, https:\/\/buvdokumentacija.lv\/wp-content\/uploads\/2025\/01\/MMoser-Sustainable-Building-Design-And-Construction-Paris-Office-2-1200x675-1-768x432.jpg 768w, https:\/\/buvdokumentacija.lv\/wp-content\/uploads\/2025\/01\/MMoser-Sustainable-Building-Design-And-Construction-Paris-Office-2-1200x675-1.jpg 1200w\" sizes=\"(max-width: 1024px) 100vw, 1024px\" \/>\t\t\t\t\t\t\t\t\t\t\t\t\t\t\t<\/div>\n\t\t\t\t\t<\/div>\n\t\t\t\t<\/div>\n\t\t<div class=\"elementor-element elementor-element-29b1b034 e-flex e-con-boxed e-con e-parent\" data-id=\"29b1b034\" data-element_type=\"container\" data-e-type=\"container\" data-settings=\"{&quot;background_background&quot;:&quot;classic&quot;}\">\n\t\t\t\t\t<div class=\"e-con-inner\">\n\t\t<div class=\"elementor-element elementor-element-823b844 e-con-full e-flex e-con e-child\" data-id=\"823b844\" data-element_type=\"container\" data-e-type=\"container\" data-settings=\"{&quot;background_background&quot;:&quot;classic&quot;}\">\n\t\t\t\t<\/div>\n\t\t<div class=\"elementor-element elementor-element-6b19d233 e-con-full e-flex e-con e-child\" data-id=\"6b19d233\" data-element_type=\"container\" data-e-type=\"container\" data-settings=\"{&quot;motion_fx_motion_fx_scrolling&quot;:&quot;yes&quot;,&quot;motion_fx_translateY_effect&quot;:&quot;yes&quot;,&quot;motion_fx_translateY_direction&quot;:&quot;negative&quot;,&quot;motion_fx_translateY_speed&quot;:{&quot;unit&quot;:&quot;px&quot;,&quot;size&quot;:1,&quot;sizes&quot;:[]},&quot;motion_fx_translateY_affectedRange&quot;:{&quot;unit&quot;:&quot;%&quot;,&quot;size&quot;:&quot;&quot;,&quot;sizes&quot;:{&quot;start&quot;:0,&quot;end&quot;:100}},&quot;motion_fx_devices&quot;:[&quot;desktop&quot;,&quot;tablet&quot;,&quot;mobile&quot;]}\">\n\t\t\t\t<div class=\"elementor-element elementor-element-691e601d elementor-invisible elementor-widget elementor-widget-heading\" data-id=\"691e601d\" data-element_type=\"widget\" data-e-type=\"widget\" data-settings=\"{&quot;_animation&quot;:&quot;fadeIn&quot;}\" data-widget_type=\"heading.default\">\n\t\t\t\t\t<h2 class=\"elementor-heading-title elementor-size-default\">M\u016bsu klienti ir m\u016bsu reput\u0101cija<\/h2>\t\t\t\t<\/div>\n\t\t\t\t<div class=\"elementor-element elementor-element-3399b456 elementor-invisible elementor-widget elementor-widget-text-editor\" data-id=\"3399b456\" data-element_type=\"widget\" data-e-type=\"widget\" data-settings=\"{&quot;_animation&quot;:&quot;fadeIn&quot;,&quot;_animation_delay&quot;:200}\" data-widget_type=\"text-editor.default\">\n\t\t\t\t\t\t\t\t\t<p>Esam pal\u012bdz\u0113ju\u0161i veiksm\u012bgi gan ies\u0101kt, gan ar\u012b pabeigt b\u016bvniec\u012bbas ieceres vair\u0101k nek\u0101 850 klientiem.\u00a0<\/p>\t\t\t\t\t\t\t\t<\/div>\n\t\t\t\t<div class=\"elementor-element elementor-element-115ae969 elementor-align-justify elementor-widget__width-initial elementor-invisible elementor-widget elementor-widget-button\" data-id=\"115ae969\" data-element_type=\"widget\" data-e-type=\"widget\" data-settings=\"{&quot;_animation&quot;:&quot;fadeIn&quot;,&quot;_animation_delay&quot;:450}\" data-widget_type=\"button.default\">\n\t\t\t\t\t\t\t\t\t\t<a class=\"elementor-button elementor-button-link elementor-size-sm\" href=\"https:\/\/buvdokumentacija.lv\/services\/\">\n\t\t\t\t\t\t<span class=\"elementor-button-content-wrapper\">\n\t\t\t\t\t\t\t\t\t<span class=\"elementor-button-text\">m\u016bsu pakalpojumi<\/span>\n\t\t\t\t\t<\/span>\n\t\t\t\t\t<\/a>\n\t\t\t\t\t\t\t\t<\/div>\n\t\t\t\t<\/div>\n\t\t\t\t\t<\/div>\n\t\t\t\t<\/div>\n\t\t\t\t<\/div>\n\t\t","protected":false},"excerpt":{"rendered":"<p>B\u016bvju legaliz\u0101cija un nodo\u0161ana ekspluat\u0101cij\u0101\u200b M\u0113s ietaup\u012bsim j\u016bsu laiku un finanses! Sa\u0146emt m\u016bsu pied\u0101v\u0101jumu B\u016bvju legaliz\u0113\u0161ana un nodo\u0161ana ekspluat\u0101cij\u0101 ir [&hellip;]<\/p>\n","protected":false},"author":1,"featured_media":0,"parent":0,"menu_order":0,"comment_status":"closed","ping_status":"closed","template":"","meta":{"site-sidebar-layout":"default","site-content-layout":"","ast-site-content-layout":"default","site-content-style":"default","site-sidebar-style":"default","ast-global-header-display":"","ast-banner-title-visibility":"","ast-main-header-display":"","ast-hfb-above-header-display":"","ast-hfb-below-header-display":"","ast-hfb-mobile-header-display":"","site-post-title":"","ast-breadcrumbs-content":"","ast-featured-img":"","footer-sml-layout":"","ast-disable-related-posts":"","theme-transparent-header-meta":"","adv-header-id-meta":"","stick-header-meta":"","header-above-stick-meta":"","header-main-stick-meta":"","header-below-stick-meta":"","astra-migrate-meta-layouts":"default","ast-page-background-enabled":"default","ast-page-background-meta":{"desktop":{"background-color":"var(--ast-global-color-4)","background-image":"","background-repeat":"repeat","background-position":"center center","background-size":"auto","background-attachment":"scroll","background-type":"","background-media":"","overlay-type":"","overlay-color":"","overlay-opacity":"","overlay-gradient":""},"tablet":{"background-color":"","background-image":"","background-repeat":"repeat","background-position":"center center","background-size":"auto","background-attachment":"scroll","background-type":"","background-media":"","overlay-type":"","overlay-color":"","overlay-opacity":"","overlay-gradient":""},"mobile":{"background-color":"","background-image":"","background-repeat":"repeat","background-position":"center center","background-size":"auto","background-attachment":"scroll","background-type":"","background-media":"","overlay-type":"","overlay-color":"","overlay-opacity":"","overlay-gradient":""}},"ast-content-background-meta":{"desktop":{"background-color":"var(--ast-global-color-5)","background-image":"","background-repeat":"repeat","background-position":"center center","background-size":"auto","background-attachment":"scroll","background-type":"","background-media":"","overlay-type":"","overlay-color":"","overlay-opacity":"","overlay-gradient":""},"tablet":{"background-color":"var(--ast-global-color-5)","background-image":"","background-repeat":"repeat","background-position":"center center","background-size":"auto","background-attachment":"scroll","background-type":"","background-media":"","overlay-type":"","overlay-color":"","overlay-opacity":"","overlay-gradient":""},"mobile":{"background-color":"var(--ast-global-color-5)","background-image":"","background-repeat":"repeat","background-position":"center center","background-size":"auto","background-attachment":"scroll","background-type":"","background-media":"","overlay-type":"","overlay-color":"","overlay-opacity":"","overlay-gradient":""}},"footnotes":""},"class_list":["post-95","page","type-page","status-publish","hentry"],"yoast_head":"<!-- This site is optimized with the Yoast SEO Premium plugin v26.4 (Yoast SEO v26.4) - https:\/\/yoast.com\/wordpress\/plugins\/seo\/ -->\n<title>Nodo\u0161ana ekspluat\u0101cij\u0101 un b\u016bvju legaliz\u0113\u0161ana solis pa solim<\/title>\n<meta name=\"description\" content=\"Understand the importance of nodo\u0161ana ekspluat\u0101cij\u0101 un b\u016bvju legaliz\u0113\u0161ana for property compliance and legal clarity.\" \/>\n<meta name=\"robots\" content=\"index, follow, max-snippet:-1, max-image-preview:large, max-video-preview:-1\" \/>\n<link rel=\"canonical\" href=\"https:\/\/buvdokumentacija.lv\/en\/\" \/>\n<meta property=\"og:locale\" content=\"en_US\" \/>\n<meta property=\"og:type\" content=\"article\" \/>\n<meta property=\"og:title\" content=\"Home\" \/>\n<meta property=\"og:description\" content=\"Understand the importance of nodo\u0161ana ekspluat\u0101cij\u0101 un b\u016bvju legaliz\u0113\u0161ana for property compliance and legal clarity.\" \/>\n<meta property=\"og:url\" content=\"https:\/\/buvdokumentacija.lv\/en\/\" \/>\n<meta property=\"og:site_name\" content=\"B\u016bvdokument\u0101cija\" \/>\n<meta property=\"article:modified_time\" content=\"2025-12-10T16:47:21+00:00\" \/>\n<meta property=\"og:image\" content=\"https:\/\/buvdokumentacija.lv\/wp-content\/uploads\/2025\/01\/MMoser-Sustainable-Building-Design-And-Construction-Paris-Office-2-1200x675-1-1024x576.jpg\" \/>\n<meta name=\"twitter:card\" content=\"summary_large_image\" \/>\n<meta name=\"twitter:label1\" content=\"Est. reading time\" \/>\n\t<meta name=\"twitter:data1\" content=\"2 minutes\" \/>\n<script type=\"application\/ld+json\" class=\"yoast-schema-graph\">{\"@context\":\"https:\/\/schema.org\",\"@graph\":[{\"@type\":\"WebPage\",\"@id\":\"https:\/\/buvdokumentacija.lv\/\",\"url\":\"https:\/\/buvdokumentacija.lv\/\",\"name\":\"Nodo\u0161ana ekspluat\u0101cij\u0101 un b\u016bvju legaliz\u0113\u0161ana solis pa solim\",\"isPartOf\":{\"@id\":\"https:\/\/buvdokumentacija.lv\/#website\"},\"primaryImageOfPage\":{\"@id\":\"https:\/\/buvdokumentacija.lv\/#primaryimage\"},\"image\":{\"@id\":\"https:\/\/buvdokumentacija.lv\/#primaryimage\"},\"thumbnailUrl\":\"https:\/\/buvdokumentacija.lv\/wp-content\/uploads\/2025\/01\/MMoser-Sustainable-Building-Design-And-Construction-Paris-Office-2-1200x675-1-1024x576.jpg\",\"datePublished\":\"2024-11-25T13:25:10+00:00\",\"dateModified\":\"2025-12-10T16:47:21+00:00\",\"description\":\"Understand the importance of nodo\u0161ana ekspluat\u0101cij\u0101 un b\u016bvju legaliz\u0113\u0161ana for property compliance and legal clarity.\",\"breadcrumb\":{\"@id\":\"https:\/\/buvdokumentacija.lv\/#breadcrumb\"},\"inLanguage\":\"en-US\",\"potentialAction\":[{\"@type\":\"ReadAction\",\"target\":[\"https:\/\/buvdokumentacija.lv\/\"]}]},{\"@type\":\"ImageObject\",\"inLanguage\":\"en-US\",\"@id\":\"https:\/\/buvdokumentacija.lv\/#primaryimage\",\"url\":\"https:\/\/buvdokumentacija.lv\/wp-content\/uploads\/2025\/01\/MMoser-Sustainable-Building-Design-And-Construction-Paris-Office-2-1200x675-1-1024x576.jpg\",\"contentUrl\":\"https:\/\/buvdokumentacija.lv\/wp-content\/uploads\/2025\/01\/MMoser-Sustainable-Building-Design-And-Construction-Paris-Office-2-1200x675-1-1024x576.jpg\"},{\"@type\":\"BreadcrumbList\",\"@id\":\"https:\/\/buvdokumentacija.lv\/#breadcrumb\",\"itemListElement\":[{\"@type\":\"ListItem\",\"position\":1,\"name\":\"Home\",\"item\":\"https:\/\/buvdokumentacija.lv\/\"},{\"@type\":\"ListItem\",\"position\":2,\"name\":\"Home\"}]},{\"@type\":\"WebSite\",\"@id\":\"https:\/\/buvdokumentacija.lv\/#website\",\"url\":\"https:\/\/buvdokumentacija.lv\/\",\"name\":\"B\u016bvdokument\u0101cija\",\"description\":\"M\u0113s esam celtniec\u012bbas dokumentu speci\u0101listi\",\"publisher\":{\"@id\":\"https:\/\/buvdokumentacija.lv\/#organization\"},\"potentialAction\":[{\"@type\":\"SearchAction\",\"target\":{\"@type\":\"EntryPoint\",\"urlTemplate\":\"https:\/\/buvdokumentacija.lv\/?s={search_term_string}\"},\"query-input\":{\"@type\":\"PropertyValueSpecification\",\"valueRequired\":true,\"valueName\":\"search_term_string\"}}],\"inLanguage\":\"en-US\"},{\"@type\":\"Organization\",\"@id\":\"https:\/\/buvdokumentacija.lv\/#organization\",\"name\":\"B\u016bvdokument\u0101cija\",\"url\":\"https:\/\/buvdokumentacija.lv\/\",\"logo\":{\"@type\":\"ImageObject\",\"inLanguage\":\"en-US\",\"@id\":\"https:\/\/buvdokumentacija.lv\/#\/schema\/logo\/image\/\",\"url\":\"https:\/\/buvdokumentacija.lv\/wp-content\/uploads\/2025\/02\/BD-logo_new.png\",\"contentUrl\":\"https:\/\/buvdokumentacija.lv\/wp-content\/uploads\/2025\/02\/BD-logo_new.png\",\"width\":2058,\"height\":507,\"caption\":\"B\u016bvdokument\u0101cija\"},\"image\":{\"@id\":\"https:\/\/buvdokumentacija.lv\/#\/schema\/logo\/image\/\"},\"publishingPrinciples\":\"https:\/\/buvdokumentacija.lv\/services\/\",\"ownershipFundingInfo\":\"https:\/\/buvdokumentacija.lv\/services\/\",\"actionableFeedbackPolicy\":\"https:\/\/buvdokumentacija.lv\/about\/\",\"correctionsPolicy\":\"https:\/\/buvdokumentacija.lv\/about\/\",\"ethicsPolicy\":\"https:\/\/buvdokumentacija.lv\/about\/\",\"diversityPolicy\":\"https:\/\/buvdokumentacija.lv\/about\/\",\"diversityStaffingReport\":\"https:\/\/buvdokumentacija.lv\/about\/\"}]}<\/script>\n<!-- \/ Yoast SEO Premium plugin. -->","yoast_head_json":{"title":"Nodo\u0161ana ekspluat\u0101cij\u0101 un b\u016bvju legaliz\u0113\u0161ana solis pa solim","description":"Understand the importance of nodo\u0161ana ekspluat\u0101cij\u0101 un b\u016bvju legaliz\u0113\u0161ana for property compliance and legal clarity.","robots":{"index":"index","follow":"follow","max-snippet":"max-snippet:-1","max-image-preview":"max-image-preview:large","max-video-preview":"max-video-preview:-1"},"canonical":"https:\/\/buvdokumentacija.lv\/en\/","og_locale":"en_US","og_type":"article","og_title":"Home","og_description":"Understand the importance of nodo\u0161ana ekspluat\u0101cij\u0101 un b\u016bvju legaliz\u0113\u0161ana for property compliance and legal clarity.","og_url":"https:\/\/buvdokumentacija.lv\/en\/","og_site_name":"B\u016bvdokument\u0101cija","article_modified_time":"2025-12-10T16:47:21+00:00","og_image":[{"url":"https:\/\/buvdokumentacija.lv\/wp-content\/uploads\/2025\/01\/MMoser-Sustainable-Building-Design-And-Construction-Paris-Office-2-1200x675-1-1024x576.jpg","type":"","width":"","height":""}],"twitter_card":"summary_large_image","twitter_misc":{"Est. reading time":"2 minutes"},"schema":{"@context":"https:\/\/schema.org","@graph":[{"@type":"WebPage","@id":"https:\/\/buvdokumentacija.lv\/","url":"https:\/\/buvdokumentacija.lv\/","name":"Nodo\u0161ana ekspluat\u0101cij\u0101 un b\u016bvju legaliz\u0113\u0161ana solis pa solim","isPartOf":{"@id":"https:\/\/buvdokumentacija.lv\/#website"},"primaryImageOfPage":{"@id":"https:\/\/buvdokumentacija.lv\/#primaryimage"},"image":{"@id":"https:\/\/buvdokumentacija.lv\/#primaryimage"},"thumbnailUrl":"https:\/\/buvdokumentacija.lv\/wp-content\/uploads\/2025\/01\/MMoser-Sustainable-Building-Design-And-Construction-Paris-Office-2-1200x675-1-1024x576.jpg","datePublished":"2024-11-25T13:25:10+00:00","dateModified":"2025-12-10T16:47:21+00:00","description":"Understand the importance of nodo\u0161ana ekspluat\u0101cij\u0101 un b\u016bvju legaliz\u0113\u0161ana for property compliance and legal clarity.","breadcrumb":{"@id":"https:\/\/buvdokumentacija.lv\/#breadcrumb"},"inLanguage":"en-US","potentialAction":[{"@type":"ReadAction","target":["https:\/\/buvdokumentacija.lv\/"]}]},{"@type":"ImageObject","inLanguage":"en-US","@id":"https:\/\/buvdokumentacija.lv\/#primaryimage","url":"https:\/\/buvdokumentacija.lv\/wp-content\/uploads\/2025\/01\/MMoser-Sustainable-Building-Design-And-Construction-Paris-Office-2-1200x675-1-1024x576.jpg","contentUrl":"https:\/\/buvdokumentacija.lv\/wp-content\/uploads\/2025\/01\/MMoser-Sustainable-Building-Design-And-Construction-Paris-Office-2-1200x675-1-1024x576.jpg"},{"@type":"BreadcrumbList","@id":"https:\/\/buvdokumentacija.lv\/#breadcrumb","itemListElement":[{"@type":"ListItem","position":1,"name":"Home","item":"https:\/\/buvdokumentacija.lv\/"},{"@type":"ListItem","position":2,"name":"Home"}]},{"@type":"WebSite","@id":"https:\/\/buvdokumentacija.lv\/#website","url":"https:\/\/buvdokumentacija.lv\/","name":"B\u016bvdokument\u0101cija","description":"M\u0113s esam celtniec\u012bbas dokumentu speci\u0101listi","publisher":{"@id":"https:\/\/buvdokumentacija.lv\/#organization"},"potentialAction":[{"@type":"SearchAction","target":{"@type":"EntryPoint","urlTemplate":"https:\/\/buvdokumentacija.lv\/?s={search_term_string}"},"query-input":{"@type":"PropertyValueSpecification","valueRequired":true,"valueName":"search_term_string"}}],"inLanguage":"en-US"},{"@type":"Organization","@id":"https:\/\/buvdokumentacija.lv\/#organization","name":"B\u016bvdokument\u0101cija","url":"https:\/\/buvdokumentacija.lv\/","logo":{"@type":"ImageObject","inLanguage":"en-US","@id":"https:\/\/buvdokumentacija.lv\/#\/schema\/logo\/image\/","url":"https:\/\/buvdokumentacija.lv\/wp-content\/uploads\/2025\/02\/BD-logo_new.png","contentUrl":"https:\/\/buvdokumentacija.lv\/wp-content\/uploads\/2025\/02\/BD-logo_new.png","width":2058,"height":507,"caption":"B\u016bvdokument\u0101cija"},"image":{"@id":"https:\/\/buvdokumentacija.lv\/#\/schema\/logo\/image\/"},"publishingPrinciples":"https:\/\/buvdokumentacija.lv\/services\/","ownershipFundingInfo":"https:\/\/buvdokumentacija.lv\/services\/","actionableFeedbackPolicy":"https:\/\/buvdokumentacija.lv\/about\/","correctionsPolicy":"https:\/\/buvdokumentacija.lv\/about\/","ethicsPolicy":"https:\/\/buvdokumentacija.lv\/about\/","diversityPolicy":"https:\/\/buvdokumentacija.lv\/about\/","diversityStaffingReport":"https:\/\/buvdokumentacija.lv\/about\/"}]}},"_links":{"self":[{"href":"https:\/\/buvdokumentacija.lv\/en\/wp-json\/wp\/v2\/pages\/95","targetHints":{"allow":["GET"]}}],"collection":[{"href":"https:\/\/buvdokumentacija.lv\/en\/wp-json\/wp\/v2\/pages"}],"about":[{"href":"https:\/\/buvdokumentacija.lv\/en\/wp-json\/wp\/v2\/types\/page"}],"author":[{"embeddable":true,"href":"https:\/\/buvdokumentacija.lv\/en\/wp-json\/wp\/v2\/users\/1"}],"replies":[{"embeddable":true,"href":"https:\/\/buvdokumentacija.lv\/en\/wp-json\/wp\/v2\/comments?post=95"}],"version-history":[{"count":1,"href":"https:\/\/buvdokumentacija.lv\/en\/wp-json\/wp\/v2\/pages\/95\/revisions"}],"predecessor-version":[{"id":785,"href":"https:\/\/buvdokumentacija.lv\/en\/wp-json\/wp\/v2\/pages\/95\/revisions\/785"}],"wp:attachment":[{"href":"https:\/\/buvdokumentacija.lv\/en\/wp-json\/wp\/v2\/media?parent=95"}],"curies":[{"name":"wp","href":"https:\/\/api.w.org\/{rel}","templated":true}]}}